{"id":90,"date":"2016-05-13T16:56:42","date_gmt":"2016-05-13T14:56:42","guid":{"rendered":"http:\/\/www.oedso.at\/web\/?page_id=90"},"modified":"2023-04-22T09:55:39","modified_gmt":"2023-04-22T07:55:39","slug":"impressum","status":"publish","type":"page","link":"https:\/\/www.oedso.at\/web\/impressum","title":{"rendered":"Impressum"},"content":{"rendered":"<p><strong>Impressum<\/strong><\/p>\n<p>Verantwortlich f\u00fcr den Inhalt dieser Seiten<\/p>\n<p><strong>\u00d6sterreichische Dartsport Organisation (\u00d6DSO)<\/strong><br \/>\nKefergasse 24\/2\/4<br \/>\n1140 Wien<br \/>\nTel.:<br \/>\nFax:<br \/>\nE-Mail: felix.losan@oedso.at<br \/>\nZVR: 779802950<\/p>\n<p><strong>Rechtshinweis: <\/strong><\/p>\n<p>Alle Angaben und Informationen, die in unseren Internetseiten enthalten sind, wurden von uns so sorgf\u00e4ltig wie m\u00f6glich recherchiert und gepr\u00fcft. Alle Informationen dienen ausschlie\u00dflich zur Information der Besucher unserer Webseiten. F\u00fcr Internetseiten Dritter, auf die diese Seite durch Links(Hyperlinks) verweist, tragen die jeweiligen Anbieter die volle Verantwortung. Alle Texte, Bilder, Graphiken, Ton-, Video- und Animationsdateien sowie ihre Arrangements unterliegen dem Urheberrecht und anderen Gesetzen zum Schutz geistigen Eigentums. Sie d\u00fcrfen weder f\u00fcr Handelszwecke oder zur Weitergabe kopiert, noch ver\u00e4ndert und auf anderen Web-Sites verwendet werden.<br \/>\nEinige unserer Internet-Seiten enthalten auch Bilder, die dem Urheberrecht derjenigen unterliegen, die diese zur Verf\u00fcgung gestellt haben. S\u00e4mtliche Vervielf\u00e4ltigungen, Verbreitung oder sonstige Benutzung des Inhalts der einzelnen Seiten oder der gesamten Homepage bedarf der Zustimmung der \u00d6DSO.<br \/>\nJede weitere kommerzielle Nutzung ist untersagt.<\/p>\n","protected":false},"excerpt":{"rendered":"<p>Impressum Verantwortlich f\u00fcr den Inhalt dieser Seiten \u00d6sterreichische Dartsport Organisation (\u00d6DSO) Kefergasse 24\/2\/4 1140 Wien Tel.: Fax: E-Mail: felix.losan@oedso.at ZVR: 779802950 Rechtshinweis: Alle Angaben und Informationen, die in unseren Internetseiten enthalten sind, wurden von uns so sorgf\u00e4ltig wie m\u00f6glich recherchiert und gepr\u00fcft. Alle Informationen dienen ausschlie\u00dflich zur Information der Besucher unserer Webseiten. F\u00fcr Internetseiten Dritter, [&hellip;]<\/p>\n","protected":false},"author":1,"featured_media":0,"parent":0,"menu_order":0,"comment_status":"closed","ping_status":"closed","template":"","meta":{"site-sidebar-layout":"default","site-content-layout":"","ast-site-content-layout":"default","site-content-style":"default","site-sidebar-style":"default","ast-global-header-display":"","ast-banner-title-visibility":"","ast-main-header-display":"","ast-hfb-above-header-display":"","ast-hfb-below-header-display":"","ast-hfb-mobile-header-display":"","site-post-title":"","ast-breadcrumbs-content":"","ast-featured-img":"","footer-sml-layout":"","ast-disable-related-posts":"","theme-transparent-header-meta":"","adv-header-id-meta":"","stick-header-meta":"","header-above-stick-meta":"","header-main-stick-meta":"","header-below-stick-meta":"","astra-migrate-meta-layouts":"default","ast-page-background-enabled":"default","ast-page-background-meta":{"desktop":{"background-color":"var(--ast-global-color-4)","background-image":"","background-repeat":"repeat","background-position":"center center","background-size":"auto","background-attachment":"scroll","background-type":"","background-media":"","overlay-type":"","overlay-color":"","overlay-opacity":"","overlay-gradient":""},"tablet":{"background-color":"","background-image":"","background-repeat":"repeat","background-position":"center center","background-size":"auto","background-attachment":"scroll","background-type":"","background-media":"","overlay-type":"","overlay-color":"","overlay-opacity":"","overlay-gradient":""},"mobile":{"background-color":"","background-image":"","background-repeat":"repeat","background-position":"center center","background-size":"auto","background-attachment":"scroll","background-type":"","background-media":"","overlay-type":"","overlay-color":"","overlay-opacity":"","overlay-gradient":""}},"ast-content-background-meta":{"desktop":{"background-color":"var(--ast-global-color-5)","background-image":"","background-repeat":"repeat","background-position":"center center","background-size":"auto","background-attachment":"scroll","background-type":"","background-media":"","overlay-type":"","overlay-color":"","overlay-opacity":"","overlay-gradient":""},"tablet":{"background-color":"var(--ast-global-color-5)","background-image":"","background-repeat":"repeat","background-position":"center center","background-size":"auto","background-attachment":"scroll","background-type":"","background-media":"","overlay-type":"","overlay-color":"","overlay-opacity":"","overlay-gradient":""},"mobile":{"background-color":"var(--ast-global-color-5)","background-image":"","background-repeat":"repeat","background-position":"center center","background-size":"auto","background-attachment":"scroll","background-type":"","background-media":"","overlay-type":"","overlay-color":"","overlay-opacity":"","overlay-gradient":""}},"footnotes":""},"class_list":["post-90","page","type-page","status-publish","hentry"],"_links":{"self":[{"href":"https:\/\/www.oedso.at\/web\/wp-json\/wp\/v2\/pages\/90","targetHints":{"allow":["GET"]}}],"collection":[{"href":"https:\/\/www.oedso.at\/web\/wp-json\/wp\/v2\/pages"}],"about":[{"href":"https:\/\/www.oedso.at\/web\/wp-json\/wp\/v2\/types\/page"}],"author":[{"embeddable":true,"href":"https:\/\/www.oedso.at\/web\/wp-json\/wp\/v2\/users\/1"}],"replies":[{"embeddable":true,"href":"https:\/\/www.oedso.at\/web\/wp-json\/wp\/v2\/comments?post=90"}],"version-history":[{"count":0,"href":"https:\/\/www.oedso.at\/web\/wp-json\/wp\/v2\/pages\/90\/revisions"}],"wp:attachment":[{"href":"https:\/\/www.oedso.at\/web\/wp-json\/wp\/v2\/media?parent=90"}],"curies":[{"name":"wp","href":"https:\/\/api.w.org\/{rel}","templated":true}]}}